{"id":404,"date":"2024-07-15T16:00:21","date_gmt":"2024-07-15T13:00:21","guid":{"rendered":"https:\/\/dtf.lt\/?page_id=404"},"modified":"2024-07-15T16:00:21","modified_gmt":"2024-07-15T13:00:21","slug":"dydziai-bei-matavimosi-instrukcijos","status":"publish","type":"page","link":"https:\/\/dtf.lt\/en\/dydziai-bei-matavimosi-instrukcijos\/","title":{"rendered":"Dyd\u017eiai bei matavimosi instrukcijos"},"content":{"rendered":"\n<div class=\"wp-block-group alignfull has-base-2-background-color has-background has-global-padding is-layout-constrained wp-container-core-group-is-layout-d89aad35 wp-block-group-is-layout-constrained\" style=\"margin-top:0;margin-bottom:0;padding-top:var(--wp--preset--spacing--50);padding-right:var(--wp--preset--spacing--50);padding-bottom:var(--wp--preset--spacing--50);padding-left:var(--wp--preset--spacing--50)\">\n<div class=\"wp-block-group alignwide has-global-padding is-layout-constrained wp-container-core-group-is-layout-19e250f3 wp-block-group-is-layout-constrained\">\n<div style=\"height:var(--wp--preset--spacing--40)\" aria-hidden=\"true\" class=\"wp-block-spacer\"><\/div>\n\n\n\n<div class=\"wp-block-columns alignwide is-layout-flex wp-container-core-columns-is-layout-d1c656ed wp-block-columns-is-layout-flex\">\n<div class=\"wp-block-column is-vertically-aligned-center is-layout-flow wp-block-column-is-layout-flow\" style=\"flex-basis:40%\">\n<p class=\"has-large-font-size\">D\u017eemperis su kapi\u0161onu<\/p>\n\n\n\n<p><strong>Stanley &amp; Stella &#8211; Drummer<\/strong><\/p>\n\n\n\n<p>Sud\u0117tis: 85% organin\u0117 medviln\u0117, 15% perdirbtas poliesteris.<\/p>\n\n\n\n<p><a href=\"https:\/\/stanleystella.com\/en-gb\/drummer-2-0-stsu168\" data-type=\"link\" data-id=\"https:\/\/stanleystella.com\/en-gb\/drummer-2-0-stsu168\">Detalus produkto apra\u0161ymas<\/a><\/p>\n<\/div>\n\n\n\n<div class=\"wp-block-column is-layout-flow wp-block-column-is-layout-flow\" style=\"flex-basis:50%\">\n<figure class=\"wp-block-image size-full is-resized is-style-default\"><img loading=\"lazy\" decoding=\"async\" width=\"685\" height=\"384\" src=\"https:\/\/dtf.lt\/wp-content\/uploads\/2024\/07\/su-kapisionu-drummer-mxBxKj2kGofp18a1.avif\" alt=\"\" class=\"wp-image-405\" style=\"width:558px;height:auto\" srcset=\"https:\/\/dtf.lt\/wp-content\/uploads\/2024\/07\/su-kapisionu-drummer-mxBxKj2kGofp18a1.avif 685w, https:\/\/dtf.lt\/wp-content\/uploads\/2024\/07\/su-kapisionu-drummer-mxBxKj2kGofp18a1-300x168.avif 300w, https:\/\/dtf.lt\/wp-content\/uploads\/2024\/07\/su-kapisionu-drummer-mxBxKj2kGofp18a1-600x336.avif 600w\" sizes=\"auto, (max-width: 685px) 100vw, 685px\" \/><\/figure>\n<\/div>\n<\/div>\n\n\n\n<div style=\"height:var(--wp--preset--spacing--40)\" aria-hidden=\"true\" class=\"wp-block-spacer\"><\/div>\n\n\n\n<div class=\"wp-block-columns alignwide is-layout-flex wp-container-core-columns-is-layout-d1c656ed wp-block-columns-is-layout-flex\">\n<div class=\"wp-block-column is-layout-flow wp-block-column-is-layout-flow\" style=\"flex-basis:50%\">\n<figure class=\"wp-block-image size-full is-resized is-style-rounded is-style-rounded--1\"><img loading=\"lazy\" decoding=\"async\" width=\"684\" height=\"384\" src=\"https:\/\/dtf.lt\/wp-content\/uploads\/2024\/07\/be-kapisiono-roller-AE0qg2WpOJc2V2v5.avif\" alt=\"\" class=\"wp-image-410\" style=\"width:558px\" srcset=\"https:\/\/dtf.lt\/wp-content\/uploads\/2024\/07\/be-kapisiono-roller-AE0qg2WpOJc2V2v5.avif 684w, https:\/\/dtf.lt\/wp-content\/uploads\/2024\/07\/be-kapisiono-roller-AE0qg2WpOJc2V2v5-300x168.avif 300w, https:\/\/dtf.lt\/wp-content\/uploads\/2024\/07\/be-kapisiono-roller-AE0qg2WpOJc2V2v5-600x337.avif 600w\" sizes=\"auto, (max-width: 684px) 100vw, 684px\" \/><\/figure>\n<\/div>\n\n\n\n<div class=\"wp-block-column is-vertically-aligned-center is-layout-flow wp-block-column-is-layout-flow\" style=\"flex-basis:40%\">\n<p class=\"has-large-font-size\">D\u017eemperis be kapi\u0161ono<\/p>\n\n\n\n<p><strong>Stanley &amp; Stella &#8211; Roller<\/strong><\/p>\n\n\n\n<p>Sud\u0117tis: 85% organin\u0117 medviln\u0117, 15% perdirbtas poliesteris.<\/p>\n\n\n\n<p><a href=\"https:\/\/stanleystella.com\/en-gb\/roller-stsu868\" data-type=\"link\" data-id=\"https:\/\/stanleystella.com\/en-gb\/drummer-2-0-stsu168\">Detalus produkto apra\u0161ymas<\/a><\/p>\n<\/div>\n<\/div>\n\n\n\n<div class=\"wp-block-columns alignwide is-layout-flex wp-container-core-columns-is-layout-d1c656ed wp-block-columns-is-layout-flex\">\n<div class=\"wp-block-column is-vertically-aligned-center is-layout-flow wp-block-column-is-layout-flow\" style=\"flex-basis:40%\">\n<p class=\"has-large-font-size\">Vaiki\u0161kas d\u017eemperis be kapi\u0161ono<\/p>\n\n\n\n<p><strong>Stanley &amp; Stella &#8211; Mini Changer<\/strong><\/p>\n\n\n\n<p>Sud\u0117tis: 100% Organin\u0117 medviln\u0117.<\/p>\n\n\n\n<p><a href=\"https:\/\/stanleystella.com\/en-gb\/mini-changer-2-0-stsk181\" data-type=\"link\" data-id=\"https:\/\/stanleystella.com\/en-gb\/drummer-2-0-stsu168\">Detalus produkto apra\u0161ymas<\/a><\/p>\n<\/div>\n\n\n\n<div class=\"wp-block-column is-layout-flow wp-block-column-is-layout-flow\" style=\"flex-basis:50%\">\n<figure class=\"wp-block-image size-full is-resized is-style-default\"><img loading=\"lazy\" decoding=\"async\" width=\"685\" height=\"384\" src=\"https:\/\/dtf.lt\/wp-content\/uploads\/2024\/07\/su-kapisionu-drummer-mxBxKj2kGofp18a1.avif\" alt=\"\" class=\"wp-image-405\" style=\"width:558px;height:auto\" srcset=\"https:\/\/dtf.lt\/wp-content\/uploads\/2024\/07\/su-kapisionu-drummer-mxBxKj2kGofp18a1.avif 685w, https:\/\/dtf.lt\/wp-content\/uploads\/2024\/07\/su-kapisionu-drummer-mxBxKj2kGofp18a1-300x168.avif 300w, https:\/\/dtf.lt\/wp-content\/uploads\/2024\/07\/su-kapisionu-drummer-mxBxKj2kGofp18a1-600x336.avif 600w\" sizes=\"auto, (max-width: 685px) 100vw, 685px\" \/><\/figure>\n<\/div>\n<\/div>\n<\/div>\n\n\n\n<div class=\"wp-block-columns alignwide is-layout-flex wp-container-core-columns-is-layout-d1c656ed wp-block-columns-is-layout-flex\">\n<div class=\"wp-block-column is-layout-flow wp-block-column-is-layout-flow\" style=\"flex-basis:50%\">\n<figure class=\"wp-block-image size-full is-resized is-style-rounded is-style-rounded--2\"><img loading=\"lazy\" decoding=\"async\" width=\"684\" height=\"384\" src=\"https:\/\/dtf.lt\/wp-content\/uploads\/2024\/07\/su-uzitrauktuku-cultivator-A0x4Xev5JzSrKgve.avif\" alt=\"\" class=\"wp-image-411\" style=\"width:558px\" srcset=\"https:\/\/dtf.lt\/wp-content\/uploads\/2024\/07\/su-uzitrauktuku-cultivator-A0x4Xev5JzSrKgve.avif 684w, https:\/\/dtf.lt\/wp-content\/uploads\/2024\/07\/su-uzitrauktuku-cultivator-A0x4Xev5JzSrKgve-300x168.avif 300w, https:\/\/dtf.lt\/wp-content\/uploads\/2024\/07\/su-uzitrauktuku-cultivator-A0x4Xev5JzSrKgve-600x337.avif 600w\" sizes=\"auto, (max-width: 684px) 100vw, 684px\" \/><\/figure>\n<\/div>\n\n\n\n<div class=\"wp-block-column is-vertically-aligned-center is-layout-flow wp-block-column-is-layout-flow\" style=\"flex-basis:40%\">\n<p class=\"has-large-font-size\">D\u017eemperis su kapi\u0161onu ir u\u017etrauktuku<\/p>\n\n\n\n<p><strong>Stanley &amp; Stella &#8211; Cultivator 2.0<\/strong><\/p>\n\n\n\n<p>Sud\u0117tis: 100% Organin\u0117 medviln\u0117.<\/p>\n\n\n\n<p><a href=\"https:\/\/stanleystella.com\/en-gb\/cultivator-2-0-stsu179\" data-type=\"link\" data-id=\"https:\/\/stanleystella.com\/en-gb\/drummer-2-0-stsu168\">Detalus produkto apra\u0161ymas<\/a><\/p>\n<\/div>\n<\/div>\n\n\n\n<div class=\"wp-block-columns alignwide is-layout-flex wp-container-core-columns-is-layout-d1c656ed wp-block-columns-is-layout-flex\">\n<div class=\"wp-block-column is-vertically-aligned-center is-layout-flow wp-block-column-is-layout-flow\" style=\"flex-basis:40%\">\n<p class=\"has-large-font-size\">Polo mar\u0161kin\u0117liai<\/p>\n\n\n\n<p><strong>Sols &#8211; Spring II<\/strong><\/p>\n\n\n\n<p>Sud\u0117tis: 100% medviln\u0117.<\/p>\n\n\n\n<p><a href=\"https:\/\/www.sols-europe.com\/gb\/pdfpublication\/pdf\/product\/sku\/11362\/store\/2\/\" data-type=\"link\" data-id=\"https:\/\/stanleystella.com\/en-gb\/drummer-2-0-stsu168\">Detalus produkto apra\u0161ymas<\/a><\/p>\n<\/div>\n\n\n\n<div class=\"wp-block-column is-layout-flow wp-block-column-is-layout-flow\" style=\"flex-basis:50%\">\n<figure class=\"wp-block-image size-full is-resized is-style-default\"><img loading=\"lazy\" decoding=\"async\" width=\"709\" height=\"384\" src=\"https:\/\/dtf.lt\/wp-content\/uploads\/2024\/07\/sol-s-polo-mjEQjWNkPaiLB8Wk.avif\" alt=\"\" class=\"wp-image-412\" style=\"width:558px;height:auto\" srcset=\"https:\/\/dtf.lt\/wp-content\/uploads\/2024\/07\/sol-s-polo-mjEQjWNkPaiLB8Wk.avif 709w, https:\/\/dtf.lt\/wp-content\/uploads\/2024\/07\/sol-s-polo-mjEQjWNkPaiLB8Wk-300x162.avif 300w, https:\/\/dtf.lt\/wp-content\/uploads\/2024\/07\/sol-s-polo-mjEQjWNkPaiLB8Wk-600x325.avif 600w\" sizes=\"auto, (max-width: 709px) 100vw, 709px\" \/><\/figure>\n<\/div>\n<\/div>\n\n\n\n<div class=\"wp-block-columns alignwide is-layout-flex wp-container-core-columns-is-layout-d1c656ed wp-block-columns-is-layout-flex\">\n<div class=\"wp-block-column is-layout-flow wp-block-column-is-layout-flow\" style=\"flex-basis:50%\">\n<figure class=\"wp-block-image size-full is-resized is-style-rounded is-style-rounded--3\"><img loading=\"lazy\" decoding=\"async\" width=\"695\" height=\"384\" src=\"https:\/\/dtf.lt\/wp-content\/uploads\/2024\/07\/sol-s-vaik.-polo-YX4X0Nnw1Rcrj1Zq.avif\" alt=\"\" class=\"wp-image-413\" style=\"width:558px\" srcset=\"https:\/\/dtf.lt\/wp-content\/uploads\/2024\/07\/sol-s-vaik.-polo-YX4X0Nnw1Rcrj1Zq.avif 695w, https:\/\/dtf.lt\/wp-content\/uploads\/2024\/07\/sol-s-vaik.-polo-YX4X0Nnw1Rcrj1Zq-300x166.avif 300w, https:\/\/dtf.lt\/wp-content\/uploads\/2024\/07\/sol-s-vaik.-polo-YX4X0Nnw1Rcrj1Zq-600x332.avif 600w\" sizes=\"auto, (max-width: 695px) 100vw, 695px\" \/><\/figure>\n<\/div>\n\n\n\n<div class=\"wp-block-column is-vertically-aligned-center is-layout-flow wp-block-column-is-layout-flow\" style=\"flex-basis:40%\">\n<p class=\"has-large-font-size\">Vaiki\u0161ki polo mar\u0161kin\u0117liai<\/p>\n\n\n\n<p><strong>Sol&#8217;s &#8211; Summer II Kids<\/strong><\/p>\n\n\n\n<p>Sud\u0117tis: 100% medviln\u0117.<\/p>\n\n\n\n<p><a href=\"https:\/\/www.sols-europe.com\/gb\/pdfpublication\/pdf\/product\/sku\/11344\/store\/2\/\" data-type=\"link\" data-id=\"https:\/\/stanleystella.com\/en-gb\/drummer-2-0-stsu168\">Detalus produkto apra\u0161ymas<\/a><\/p>\n<\/div>\n<\/div>\n\n\n\n<div class=\"wp-block-columns alignwide is-layout-flex wp-container-core-columns-is-layout-d1c656ed wp-block-columns-is-layout-flex\">\n<div class=\"wp-block-column is-vertically-aligned-center is-layout-flow wp-block-column-is-layout-flow\" style=\"flex-basis:40%\">\n<p class=\"has-large-font-size\">Polo mar\u0161kin\u0117liai ilgomis rankov\u0117mis (100% medviln\u0117)<\/p>\n\n\n\n<p><strong>Sol&#8217;s &#8211; Winter II<\/strong><\/p>\n\n\n\n<p>Sud\u0117tis: 100% medviln\u0117.<\/p>\n\n\n\n<p><a href=\"https:\/\/www.sols-europe.com\/gb\/pdfpublication\/pdf\/product\/sku\/11353\/store\/2\/\" data-type=\"link\" data-id=\"https:\/\/stanleystella.com\/en-gb\/drummer-2-0-stsu168\">Detalus produkto apra\u0161ymas<\/a><\/p>\n<\/div>\n\n\n\n<div class=\"wp-block-column is-layout-flow wp-block-column-is-layout-flow\" style=\"flex-basis:50%\">\n<figure class=\"wp-block-image size-full is-resized is-style-default\"><img loading=\"lazy\" decoding=\"async\" width=\"709\" height=\"384\" src=\"https:\/\/dtf.lt\/wp-content\/uploads\/2024\/07\/sol-s-polo-ilg.-100-mP476ozvP7ibnbBk.avif\" alt=\"\" class=\"wp-image-414\" style=\"width:558px;height:auto\" srcset=\"https:\/\/dtf.lt\/wp-content\/uploads\/2024\/07\/sol-s-polo-ilg.-100-mP476ozvP7ibnbBk.avif 709w, https:\/\/dtf.lt\/wp-content\/uploads\/2024\/07\/sol-s-polo-ilg.-100-mP476ozvP7ibnbBk-300x162.avif 300w, https:\/\/dtf.lt\/wp-content\/uploads\/2024\/07\/sol-s-polo-ilg.-100-mP476ozvP7ibnbBk-600x325.avif 600w\" sizes=\"auto, (max-width: 709px) 100vw, 709px\" \/><\/figure>\n<\/div>\n<\/div>\n\n\n\n<div class=\"wp-block-columns alignwide is-layout-flex wp-container-core-columns-is-layout-d1c656ed wp-block-columns-is-layout-flex\">\n<div class=\"wp-block-column is-layout-flow wp-block-column-is-layout-flow\" style=\"flex-basis:50%\">\n<figure class=\"wp-block-image size-full is-resized is-style-rounded is-style-rounded--4\"><img loading=\"lazy\" decoding=\"async\" width=\"695\" height=\"384\" src=\"https:\/\/dtf.lt\/wp-content\/uploads\/2024\/07\/sol-s-polo-ilg.-35-m2WlO6n5lOu4LnbV.avif\" alt=\"\" class=\"wp-image-415\" style=\"width:558px\" srcset=\"https:\/\/dtf.lt\/wp-content\/uploads\/2024\/07\/sol-s-polo-ilg.-35-m2WlO6n5lOu4LnbV.avif 695w, https:\/\/dtf.lt\/wp-content\/uploads\/2024\/07\/sol-s-polo-ilg.-35-m2WlO6n5lOu4LnbV-300x166.avif 300w, https:\/\/dtf.lt\/wp-content\/uploads\/2024\/07\/sol-s-polo-ilg.-35-m2WlO6n5lOu4LnbV-600x332.avif 600w\" sizes=\"auto, (max-width: 695px) 100vw, 695px\" \/><\/figure>\n<\/div>\n\n\n\n<div class=\"wp-block-column is-vertically-aligned-center is-layout-flow wp-block-column-is-layout-flow\" style=\"flex-basis:40%\">\n<p class=\"has-large-font-size\">Polo mar\u0161kin\u0117liai ilgomis rankov\u0117mis (35% medviln\u0117)<\/p>\n\n\n\n<p><strong>Sol&#8217;s &#8211; Prime LSL<\/strong><\/p>\n\n\n\n<p>Sud\u0117tis: 35% medviln\u0117, 65% poliesteris.<\/p>\n\n\n\n<p><a href=\"https:\/\/www.sols-europe.com\/gb\/pdfpublication\/pdf\/product\/sku\/03983\/store\/2\/\" data-type=\"link\" data-id=\"https:\/\/stanleystella.com\/en-gb\/drummer-2-0-stsu168\">Detalus produkto apra\u0161ymas<\/a><\/p>\n<\/div>\n<\/div>\n<\/div>\n","protected":false},"excerpt":{"rendered":"<p>D\u017eemperis su kapi\u0161onu Stanley &amp; Stella &#8211; Drummer Sud\u0117tis: 85% organin\u0117 medviln\u0117, 15% perdirbtas poliesteris. Detalus produkto apra\u0161ymas D\u017eemperis be kapi\u0161ono Stanley &amp; Stella &#8211; Roller Sud\u0117tis: 85% organin\u0117 medviln\u0117, 15% perdirbtas poliesteris. Detalus produkto apra\u0161ymas Vaiki\u0161kas d\u017eemperis be kapi\u0161ono Stanley &amp; Stella &#8211; Mini Changer Sud\u0117tis: 100% Organin\u0117 medviln\u0117. Detalus produkto apra\u0161ymas D\u017eemperis su [&hellip;]<\/p>\n","protected":false},"author":1,"featured_media":0,"parent":0,"menu_order":0,"comment_status":"closed","ping_status":"closed","template":"","meta":{"om_disable_all_campaigns":false,"inline_featured_image":false,"footnotes":""},"class_list":["post-404","page","type-page","status-publish","hentry"],"jetpack_sharing_enabled":true,"_links":{"self":[{"href":"https:\/\/dtf.lt\/en\/wp-json\/wp\/v2\/pages\/404","targetHints":{"allow":["GET"]}}],"collection":[{"href":"https:\/\/dtf.lt\/en\/wp-json\/wp\/v2\/pages"}],"about":[{"href":"https:\/\/dtf.lt\/en\/wp-json\/wp\/v2\/types\/page"}],"author":[{"embeddable":true,"href":"https:\/\/dtf.lt\/en\/wp-json\/wp\/v2\/users\/1"}],"replies":[{"embeddable":true,"href":"https:\/\/dtf.lt\/en\/wp-json\/wp\/v2\/comments?post=404"}],"version-history":[{"count":5,"href":"https:\/\/dtf.lt\/en\/wp-json\/wp\/v2\/pages\/404\/revisions"}],"predecessor-version":[{"id":416,"href":"https:\/\/dtf.lt\/en\/wp-json\/wp\/v2\/pages\/404\/revisions\/416"}],"wp:attachment":[{"href":"https:\/\/dtf.lt\/en\/wp-json\/wp\/v2\/media?parent=404"}],"curies":[{"name":"wp","href":"https:\/\/api.w.org\/{rel}","templated":true}]}}