{"id":10,"date":"2024-05-16T00:54:22","date_gmt":"2024-05-15T21:54:22","guid":{"rendered":"http:\/\/dtf.lt\/?page_id=10"},"modified":"2024-11-01T19:27:47","modified_gmt":"2024-11-01T17:27:47","slug":"refund_returns","status":"publish","type":"page","link":"https:\/\/dtf.lt\/lt\/refund_returns\/","title":{"rendered":"Gamyba, pristatymas ir gr\u0105\u017einimas"},"content":{"rendered":"<h2>Gamyba<\/h2>\n\n\n<p>Siekiame atlikti spaud\u0105&nbsp;<strong>per t\u0105 pa\u010di\u0105 dien\u0105<\/strong>. Pavyzd\u017eiui, jei u\u017esakym\u0105 gauname ryte, stengiam\u0117s j\u012f pagaminti ir i\u0161si\u0173sti nepasibaigus darbo laikui<br><br>Kai kuriomis dienomis galime b\u016bti labiau u\u017esi\u0117m\u0119 ir gamyba gali u\u017etrukti<strong>&nbsp;nuo 12 iki 48 valand\u0173.<\/strong><\/p>\n\n\n<h2>Siuntimas<\/h2>\n\n\n<p><strong>Pristatymo etapas prasideda pasibaigus gamybos laikui.<\/strong><\/p>\n\n\n\n<p>Lietuva \u2013 1-2 darbo dienos.<br>Baltijos \u0161alys 1-3 darbo dienos.<br>Europa 2-5 darbo dienos<\/p>\n\n\n\n<p>EXPRESS pristatymas 1-2 darbo dienos visame pasaulyje<\/p>\n\n\n\n<p><\/p>\n\n\n\n<h2 class=\"wp-block-heading\">Gr\u0105\u017eina<\/h2>\n\n\n\n<p><\/p>\n\n\n\n<p>Jei pagaminsime klaidingus pervedimus, galite lengvai juos gr\u0105\u017einti ir susigr\u0105\u017einti pinigus.<br><br>Ta\u010diau j\u016bs turite suprasti, kad tai yra pagal u\u017esakym\u0105 pagamintas produktas, ir j\u016bs turite paruo\u0161ti failus pagal m\u016bs\u0173 reikalavimus. Jei d\u0117l klient\u0173 kalt\u0117s spaudiniai sugenda \u2013 pinig\u0173 gr\u0105\u017einti negalime.<\/p>\n\n\n\n<p>Taip pat rekomenduojame u\u017esisakyti bandomuosius pavyzd\u017eius arba papra\u0161yti m\u016bs\u0173 i\u0161bandyti ir parodyti kelet\u0105 spausdint\u0173 nuotrauk\u0173. Mes labai nuolat ir stengsim\u0117s patenkinti j\u016bs\u0173 kokyb\u0117s poreikius!<\/p>\n\n\n<h2>Steb\u0117jimas<\/h2>\n\n\n<p>Savo siuntin\u012f galite sekti internetu. Raskite steb\u0117jimo numer\u012f prisijung\u0119 prie savo paskyros.<br><br>Nerandate? Susisiekite su mumis \u2013 suteiksime sekimo informacij\u0105!<\/p>\n\n\n\n<p><\/p>\n\n\n\n<h2 class=\"wp-block-heading\">Reikia pagalbos?<\/h2>\n\n\n\n<p><\/p>\n\n\n\n<p>Susisiekite su mumis info@dtf.lt \/ +37063077733 arba pateikite el <a href=\"https:\/\/dtf.lt\/index.php\/contact-us\/\" data-type=\"page\" data-id=\"135\">kontaktin\u0119 form\u0105.<\/a><\/p>\n\n\n\n<p><\/p>","protected":false},"excerpt":{"rendered":"<p>Production We aim to produce our transfers order&nbsp;during the same day. In example, if we receive the order in the morning, we try to produce it and ship before the end of working hours In some days we may be busier and production can take from&nbsp;12 to 48 hours. Shipping Shipping phase begins after production [&hellip;]<\/p>\n","protected":false},"author":1,"featured_media":0,"parent":0,"menu_order":0,"comment_status":"closed","ping_status":"closed","template":"","meta":{"om_disable_all_campaigns":false,"inline_featured_image":false,"footnotes":""},"class_list":["post-10","page","type-page","status-publish","hentry"],"jetpack_sharing_enabled":true,"_links":{"self":[{"href":"https:\/\/dtf.lt\/lt\/wp-json\/wp\/v2\/pages\/10","targetHints":{"allow":["GET"]}}],"collection":[{"href":"https:\/\/dtf.lt\/lt\/wp-json\/wp\/v2\/pages"}],"about":[{"href":"https:\/\/dtf.lt\/lt\/wp-json\/wp\/v2\/types\/page"}],"author":[{"embeddable":true,"href":"https:\/\/dtf.lt\/lt\/wp-json\/wp\/v2\/users\/1"}],"replies":[{"embeddable":true,"href":"https:\/\/dtf.lt\/lt\/wp-json\/wp\/v2\/comments?post=10"}],"version-history":[{"count":3,"href":"https:\/\/dtf.lt\/lt\/wp-json\/wp\/v2\/pages\/10\/revisions"}],"predecessor-version":[{"id":1663,"href":"https:\/\/dtf.lt\/lt\/wp-json\/wp\/v2\/pages\/10\/revisions\/1663"}],"wp:attachment":[{"href":"https:\/\/dtf.lt\/lt\/wp-json\/wp\/v2\/media?parent=10"}],"curies":[{"name":"wp","href":"https:\/\/api.w.org\/{rel}","templated":true}]}}