{"id":1528,"date":"2024-10-30T17:38:57","date_gmt":"2024-10-30T15:38:57","guid":{"rendered":"https:\/\/dtf.lt\/?page_id=1528"},"modified":"2024-10-31T12:32:42","modified_gmt":"2024-10-31T10:32:42","slug":"about-us","status":"publish","type":"page","link":"https:\/\/dtf.lt\/lt\/about-us\/","title":{"rendered":"Apie mus"},"content":{"rendered":"<h2 class=\"wp-block-heading has-text-align-center\">Patikima Lietuvi\u0161ka spaustuv\u0117 i\u0161 Vilniaus<\/h2>\n\n\n\n<p class=\"has-text-align-center\">DTF.LT \u2013 Lietuvoje veikia kaip:<br><a href=\"http:\/\/www.amspauda.lt\/\">Amspauda<\/a>,&nbsp;<a href=\"http:\/\/www.strainus.lt\/\">Strainus<\/a>,&nbsp;<a href=\"http:\/\/www.schoolproud.com\/\">I\u0161didus mokykla<\/a>,&nbsp;<a href=\"http:\/\/www.akieron.com\/\">Akieronas<\/a><\/p>\n\n\n\n<p class=\"has-text-align-center\">Drabu\u017ei\u0173 spausdinimo versle dirbame nuo 2018 m<\/p>\n\n\n\n<p class=\"has-text-align-center\">Patirtis dirbant su visomis drabu\u017ei\u0173 dekoravimo technologijomis.<br><\/p>\n\n\n\n<figure class=\"wp-block-image aligncenter is-resized\"><img loading=\"lazy\" decoding=\"async\" width=\"1024\" height=\"55\" src=\"https:\/\/dtf.lt\/wp-content\/uploads\/2024\/10\/image-1-1024x55.png\" alt=\"\" class=\"wp-image-1559\" style=\"width:467px;height:auto\" srcset=\"https:\/\/dtf.lt\/wp-content\/uploads\/2024\/10\/image-1-1024x55.png 1024w, https:\/\/dtf.lt\/wp-content\/uploads\/2024\/10\/image-1-300x16.png 300w, https:\/\/dtf.lt\/wp-content\/uploads\/2024\/10\/image-1-768x42.png 768w, https:\/\/dtf.lt\/wp-content\/uploads\/2024\/10\/image-1-1536x83.png 1536w, https:\/\/dtf.lt\/wp-content\/uploads\/2024\/10\/image-1-1320x71.png 1320w, https:\/\/dtf.lt\/wp-content\/uploads\/2024\/10\/image-1-600x32.png 600w, https:\/\/dtf.lt\/wp-content\/uploads\/2024\/10\/image-1.png 1607w\" sizes=\"auto, (max-width: 1024px) 100vw, 1024px\" \/><\/figure>\n\n\n\n<p><\/p>\n\n\n\n<figure class=\"wp-block-gallery has-nested-images columns-default is-cropped wp-block-gallery-1 is-layout-flex wp-block-gallery-is-layout-flex\">\n<figure class=\"wp-block-image size-large\"><img loading=\"lazy\" decoding=\"async\" width=\"1024\" height=\"768\" data-id=\"1610\" src=\"https:\/\/dtf.lt\/wp-content\/uploads\/2024\/10\/1716223306598-1-1024x768.jpeg\" alt=\"\" class=\"wp-image-1610\" srcset=\"https:\/\/dtf.lt\/wp-content\/uploads\/2024\/10\/1716223306598-1-1024x768.jpeg 1024w, https:\/\/dtf.lt\/wp-content\/uploads\/2024\/10\/1716223306598-1-300x225.jpeg 300w, https:\/\/dtf.lt\/wp-content\/uploads\/2024\/10\/1716223306598-1-768x576.jpeg 768w, https:\/\/dtf.lt\/wp-content\/uploads\/2024\/10\/1716223306598-1-1536x1152.jpeg 1536w, https:\/\/dtf.lt\/wp-content\/uploads\/2024\/10\/1716223306598-1-1320x990.jpeg 1320w, https:\/\/dtf.lt\/wp-content\/uploads\/2024\/10\/1716223306598-1-600x450.jpeg 600w, https:\/\/dtf.lt\/wp-content\/uploads\/2024\/10\/1716223306598-1.jpeg 2048w\" sizes=\"auto, (max-width: 1024px) 100vw, 1024px\" \/><\/figure>\n\n\n\n<figure class=\"wp-block-image size-full\"><img loading=\"lazy\" decoding=\"async\" width=\"414\" height=\"297\" data-id=\"1609\" src=\"https:\/\/dtf.lt\/wp-content\/uploads\/2024\/10\/Untitled-1.jpg\" alt=\"\" class=\"wp-image-1609\" srcset=\"https:\/\/dtf.lt\/wp-content\/uploads\/2024\/10\/Untitled-1.jpg 414w, https:\/\/dtf.lt\/wp-content\/uploads\/2024\/10\/Untitled-1-300x215.jpg 300w\" sizes=\"auto, (max-width: 414px) 100vw, 414px\" \/><\/figure>\n\n\n\n<figure class=\"wp-block-image size-large\"><img loading=\"lazy\" decoding=\"async\" width=\"1024\" height=\"768\" data-id=\"1607\" src=\"https:\/\/dtf.lt\/wp-content\/uploads\/2024\/10\/dtf-lt-pic-1024x768.jpg\" alt=\"\" class=\"wp-image-1607\" srcset=\"https:\/\/dtf.lt\/wp-content\/uploads\/2024\/10\/dtf-lt-pic-1024x768.jpg 1024w, https:\/\/dtf.lt\/wp-content\/uploads\/2024\/10\/dtf-lt-pic-300x225.jpg 300w, https:\/\/dtf.lt\/wp-content\/uploads\/2024\/10\/dtf-lt-pic-768x576.jpg 768w, https:\/\/dtf.lt\/wp-content\/uploads\/2024\/10\/dtf-lt-pic-1536x1152.jpg 1536w, https:\/\/dtf.lt\/wp-content\/uploads\/2024\/10\/dtf-lt-pic-1320x990.jpg 1320w, https:\/\/dtf.lt\/wp-content\/uploads\/2024\/10\/dtf-lt-pic-600x450.jpg 600w, https:\/\/dtf.lt\/wp-content\/uploads\/2024\/10\/dtf-lt-pic.jpg 1880w\" sizes=\"auto, (max-width: 1024px) 100vw, 1024px\" \/><\/figure>\n<\/figure>\n\n\n\n<figure class=\"wp-block-gallery has-nested-images columns-default is-cropped wp-block-gallery-2 is-layout-flex wp-block-gallery-is-layout-flex\">\n<figure class=\"wp-block-image size-large\"><img loading=\"lazy\" decoding=\"async\" width=\"1024\" height=\"768\" data-id=\"1619\" src=\"https:\/\/dtf.lt\/wp-content\/uploads\/2024\/10\/dtf-lt-pic-2-1024x768.jpg\" alt=\"\" class=\"wp-image-1619\" srcset=\"https:\/\/dtf.lt\/wp-content\/uploads\/2024\/10\/dtf-lt-pic-2-1024x768.jpg 1024w, https:\/\/dtf.lt\/wp-content\/uploads\/2024\/10\/dtf-lt-pic-2-300x225.jpg 300w, https:\/\/dtf.lt\/wp-content\/uploads\/2024\/10\/dtf-lt-pic-2-768x576.jpg 768w, https:\/\/dtf.lt\/wp-content\/uploads\/2024\/10\/dtf-lt-pic-2-1536x1152.jpg 1536w, https:\/\/dtf.lt\/wp-content\/uploads\/2024\/10\/dtf-lt-pic-2-1320x990.jpg 1320w, https:\/\/dtf.lt\/wp-content\/uploads\/2024\/10\/dtf-lt-pic-2-600x450.jpg 600w, https:\/\/dtf.lt\/wp-content\/uploads\/2024\/10\/dtf-lt-pic-2.jpg 1880w\" sizes=\"auto, (max-width: 1024px) 100vw, 1024px\" \/><\/figure>\n<\/figure>","protected":false},"excerpt":{"rendered":"<p>Trusted European Printshop DTF.LT \u2013 Operating in Lithuania as:Amspauda,&nbsp;Strainus,&nbsp;Schoolproud,&nbsp;Akieron We have been in the clothes printing business since 2018 Experienced in all of the clothes decoration technologies.<\/p>","protected":false},"author":1,"featured_media":0,"parent":0,"menu_order":0,"comment_status":"closed","ping_status":"closed","template":"","meta":{"om_disable_all_campaigns":false,"inline_featured_image":false,"footnotes":""},"class_list":["post-1528","page","type-page","status-publish","hentry"],"jetpack_sharing_enabled":true,"_links":{"self":[{"href":"https:\/\/dtf.lt\/lt\/wp-json\/wp\/v2\/pages\/1528","targetHints":{"allow":["GET"]}}],"collection":[{"href":"https:\/\/dtf.lt\/lt\/wp-json\/wp\/v2\/pages"}],"about":[{"href":"https:\/\/dtf.lt\/lt\/wp-json\/wp\/v2\/types\/page"}],"author":[{"embeddable":true,"href":"https:\/\/dtf.lt\/lt\/wp-json\/wp\/v2\/users\/1"}],"replies":[{"embeddable":true,"href":"https:\/\/dtf.lt\/lt\/wp-json\/wp\/v2\/comments?post=1528"}],"version-history":[{"count":7,"href":"https:\/\/dtf.lt\/lt\/wp-json\/wp\/v2\/pages\/1528\/revisions"}],"predecessor-version":[{"id":1620,"href":"https:\/\/dtf.lt\/lt\/wp-json\/wp\/v2\/pages\/1528\/revisions\/1620"}],"wp:attachment":[{"href":"https:\/\/dtf.lt\/lt\/wp-json\/wp\/v2\/media?parent=1528"}],"curies":[{"name":"wp","href":"https:\/\/api.w.org\/{rel}","templated":true}]}}