{"id":1531,"date":"2024-10-30T17:46:39","date_gmt":"2024-10-30T15:46:39","guid":{"rendered":"https:\/\/dtf.lt\/?page_id=1531"},"modified":"2024-11-01T23:50:36","modified_gmt":"2024-11-01T21:50:36","slug":"how-to","status":"publish","type":"page","link":"https:\/\/dtf.lt\/lt\/how-to\/","title":{"rendered":"Kaip naudoti DTF?"},"content":{"rendered":"<p><strong>Kam tai gali b\u016bti naudinga?<\/strong><\/p>\n\n\n\n<p>\u2022 Spaustuvei arba reklamos agent\u016brai<br>\u2022 \"Print on demand\" parduotuv\u0117s savininkui<br>\u2022 FIziniam ar juridiniam asmeniui gaminan\u010diam kolektyvo aprang\u0105<\/p>\n\n\n\n<p><\/p>\n\n\n\n<p><strong>Kaip u\u017esisakyti?<\/strong><\/p>\n\n\n\n<figure class=\"wp-block-image size-large is-resized\"><img loading=\"lazy\" decoding=\"async\" width=\"1024\" height=\"681\" src=\"https:\/\/dtf.lt\/wp-content\/uploads\/2024\/11\/DTF-order-sheet-2-1024x681.png\" alt=\"\" class=\"wp-image-1707\" style=\"width:295px;height:auto\" srcset=\"https:\/\/dtf.lt\/wp-content\/uploads\/2024\/11\/DTF-order-sheet-2-1024x681.png 1024w, https:\/\/dtf.lt\/wp-content\/uploads\/2024\/11\/DTF-order-sheet-2-300x200.png 300w, https:\/\/dtf.lt\/wp-content\/uploads\/2024\/11\/DTF-order-sheet-2-768x511.png 768w, https:\/\/dtf.lt\/wp-content\/uploads\/2024\/11\/DTF-order-sheet-2-1536x1022.png 1536w, https:\/\/dtf.lt\/wp-content\/uploads\/2024\/11\/DTF-order-sheet-2-2048x1363.png 2048w, https:\/\/dtf.lt\/wp-content\/uploads\/2024\/11\/DTF-order-sheet-2-18x12.png 18w, https:\/\/dtf.lt\/wp-content\/uploads\/2024\/11\/DTF-order-sheet-2-1320x878.png 1320w, https:\/\/dtf.lt\/wp-content\/uploads\/2024\/11\/DTF-order-sheet-2-600x399.png 600w\" sizes=\"auto, (max-width: 1024px) 100vw, 1024px\" \/><\/figure>\n\n\n\n<p>\u2022 Prad\u0117kite savo u\u017esakym\u0105 internetu naudodami m\u016bs\u0173 \u201eGang sheet builder\u201c. <br>\u2022 \u012ekelkite failus ir pasirinkite kiekius.<br>\u2022 Patikrinkite failo i\u0161d\u0117stym\u0105 ir patvirtinkite u\u017esakym\u0105.<br>\u2022 U\u017ebaikite u\u017esakym\u0105 pirkini\u0173 krep\u0161elyje<br>\u2022 Pagaminame ir i\u0161siun\u010diame per 12-48 val<\/p>\n\n\n\n<p><strong>Kaip naudoti gamyboje?<\/strong><\/p>\n\n\n\n<p>\u2022 Gav\u0119 u\u017esakym\u0105 i\u0161kirpkite atskirus spaudinius.<br>\u2022 Pad\u0117kite drabu\u017e\u012f ant termo preso.<br>\u2022 I\u0161 anksto pa\u0161ildykite drabu\u017eio pavir\u0161i\u0173 5 sekundes.<br>\u2022 Pad\u0117kite DTF transfer\u0105 \u012f norim\u0105 pozicij\u0105.<br>\u2022 U\u017espauskite termo presu naudodami 160-170\u00b0C temperat\u016br\u0105.<br>\u2022 Laikykite u\u017edaryt\u0105 15-20 sek.<br>\u2022 Atidarykite ir palikite 30\u201360 sekund\u017ei\u0173. Kai atv\u0117s nulupkite pl\u0117vel\u0119.<br>\u2022 Nu\u0117m\u0119 perk\u0117limo pl\u0117vel\u0119 \u2013 dar kart\u0105 perspauskite 5-10 sekund\u017ei\u0173, kad u\u017etikrintum\u0117te maksimal\u0173 klij\u0173 u\u017ekaitim\u0105.<br>\u2022 Gamybos procesas baigtas! <\/p>\n\n\n\n<p><strong>Praktiniai patarimai<\/strong><\/p>\n\n\n\n<p>\u2022 Jei turite nedidel\u0119 parduotuv\u0117l\u0119, galite pasiruo\u0161ti vis\u0173 dizain\u0173 po kelis vienetus. Transferai gali b\u016bti ilgai sand\u0117liuojami, tod\u0117l u\u017espausti gal\u0117site vos tik gav\u0119 u\u017esakym\u0105. Dirbant toki\u0173 b\u016bdu Jums nereik\u0117s prisigaminti drabu\u017ei\u0173 arba laukti kol spaustuv\u0117s Jums atliks spaud\u0105.<br><br>\u2022 Prie\u0161 atlikdami spaud\u0105 b\u016btinai i\u0161testuokite and testavimo med\u017eiagos. Ant gero drabu\u017eio spauskite tik kai \u017einote, jog mokate tai atlikti tinkamai. <br><br>\u2022 Nepirkite nam\u0173 lygio spausdintuv\u0173 ir nekonvertuokite j\u0173 \u012f DTF, nes susidursite su nuolatin\u0117mis technin\u0117mis problemomis ir ne visada gal\u0117site pagaminti auk\u0161tos kokyb\u0117s spaud\u0105. Ver\u010diau palikite tai profesionalams, kurie naudoja pramoninius spausdintuvus, skirtus spausdinti tokiais tir\u0161tais ra\u0161alais.<br><br>\u2022 Pagalvokite prie\u0161 pirkdami brangius spausdintuvus, nes juos reikia pri\u017ei\u016br\u0117ti kasdien ir spausdinti ilgas valandas, kad b\u016bt\u0173 u\u017etikrintas geras ra\u0161alo srautas. Jei spausdintuvai stovi nenaudojami, spausdinimo galvut\u0117s u\u017esikem\u0161a, o tai da\u017eniausiai priveda prie t\u016bkstan\u010di\u0173 eur\u0173 investicij\u0173 \u012f remontus. Vietoj to, galite i\u0161bandyti savo verslo id\u0117j\u0105, u\u017esisak\u0119 spaud\u0105 ir perkeldami j\u0105 naudojantis termo presu. Taip i\u0161vengsite dideli\u0173 investicij\u0173 ir brangi\u0173 gedim\u0173 rizikos.<\/p>\n\n\n\n<p><\/p>","protected":false},"excerpt":{"rendered":"<p>To whom it may be useful? \u2022 Printshop or advertising agency\u2022 Print on demand shop owner\u2022 Individual or company in need of custom branded clothes How to order? \u2022 Begin your order online using our Gang sheet builder. \u2022 Upload your files and select quantities.\u2022 Check the file layout and confirm your order.\u2022 Finalise order [&hellip;]<\/p>\n","protected":false},"author":1,"featured_media":0,"parent":0,"menu_order":0,"comment_status":"closed","ping_status":"closed","template":"","meta":{"om_disable_all_campaigns":false,"inline_featured_image":false,"footnotes":""},"class_list":["post-1531","page","type-page","status-publish","hentry"],"jetpack_sharing_enabled":true,"_links":{"self":[{"href":"https:\/\/dtf.lt\/lt\/wp-json\/wp\/v2\/pages\/1531","targetHints":{"allow":["GET"]}}],"collection":[{"href":"https:\/\/dtf.lt\/lt\/wp-json\/wp\/v2\/pages"}],"about":[{"href":"https:\/\/dtf.lt\/lt\/wp-json\/wp\/v2\/types\/page"}],"author":[{"embeddable":true,"href":"https:\/\/dtf.lt\/lt\/wp-json\/wp\/v2\/users\/1"}],"replies":[{"embeddable":true,"href":"https:\/\/dtf.lt\/lt\/wp-json\/wp\/v2\/comments?post=1531"}],"version-history":[{"count":10,"href":"https:\/\/dtf.lt\/lt\/wp-json\/wp\/v2\/pages\/1531\/revisions"}],"predecessor-version":[{"id":1708,"href":"https:\/\/dtf.lt\/lt\/wp-json\/wp\/v2\/pages\/1531\/revisions\/1708"}],"wp:attachment":[{"href":"https:\/\/dtf.lt\/lt\/wp-json\/wp\/v2\/media?parent=1531"}],"curies":[{"name":"wp","href":"https:\/\/api.w.org\/{rel}","templated":true}]}}