{"id":3,"date":"2024-02-15T18:42:47","date_gmt":"2024-02-15T18:42:47","guid":{"rendered":"http:\/\/dtf.lt\/?page_id=3"},"modified":"2024-05-16T00:42:19","modified_gmt":"2024-05-15T21:42:19","slug":"privacy-policy","status":"publish","type":"page","link":"https:\/\/dtf.lt\/lt\/privacy-policy\/","title":{"rendered":"Privatumo politika"},"content":{"rendered":"<p>S\u0105vokos \u201eJ\u016bs\u201c, \u201eJ\u016bs\u0173\u201c, \u201eJ\u016bs\u0173\u201c ir \u201eVartotojas\u201c rei\u0161kia subjekt\u0105 \/ asmen\u012f \/ organizacij\u0105, naudojan\u010di\u0105 m\u016bs\u0173 svetain\u0119.<\/p>\n\n\n\n<p>Kai \u0161ioje Politikoje minimi \u201eMes\u201c, \u201eM\u016bs\u0173\u201c ir \u201eM\u016bs\u0173\u201c, tai rei\u0161kia MB \u201eAm spauda\u201c ir jos dukterines bei susijusias \u012fmones.<\/p>\n\n\n\n<p>\u0160i\u0105 privatumo politik\u0105 reglamentuoja m\u016bs\u0173 paslaug\u0173 teikimo s\u0105lygos.<\/p>\n\n\n\n<p>Kilus klausimams d\u0117l \u0161ios Politikos ar pra\u0161ym\u0173 d\u0117l asmens duomen\u0173 tvarkymo, susisiekite su mumis info@dtf.lt<\/p>\n\n\n\n<p>1. INFORMACIJA, KURI\u0104 RENKAME I\u0160 J\u016aS\u0172<\/p>\n\n\n\n<p>Mes renkame informacij\u0105, kuri\u0105 mums pateikiate, ir \u0161i informacija yra b\u016btina siekiant tinkamai \u012fvykdyti sutartin\u012f susitarim\u0105, kuris yra tarp j\u016bs\u0173 ir m\u016bs\u0173, ir leid\u017eia mums vykdyti savo teisinius \u012fsipareigojimus.<\/p>\n\n\n\n<p>\u2022 Paskyros registracijos informacija. Kai kuriate paskyr\u0105, pra\u0161ome J\u016bs\u0173 pateikti registracijos informacij\u0105, pvz., el. pa\u0161t\u0105, vard\u0105, pavard\u0119, telefon\u0105, vartotojo vard\u0105, slapta\u017eod\u017eius, asmenin\u012f numer\u012f, adres\u0105.<\/p>\n\n\n\n<p>\u2022 Ry\u0161iai, pokalbiai, prane\u0161im\u0173 siuntimas. Kai bendraujate su mumis el. pa\u0161tu ar kitu b\u016bdu, renkame informacij\u0105 apie j\u016bs\u0173 bendravim\u0105 ir bet koki\u0105 informacij\u0105, kuri\u0105 pasirenkate pateikti ar atskleisti. Siekdami atsakyti \u012f j\u016bs\u0173 u\u017eklaus\u0105, galime pasiekti informacij\u0105, pateikt\u0105 el. pa\u0161tu, pokalbiuose, pirkini\u0173 istorij\u0105 ir kt.<\/p>\n\n\n\n<p>\u2022 Mok\u0117jimo informacija. Nor\u0117dami u\u017esisakyti ir naudotis Svetain\u0117s funkcijomis, galime reikalauti, kad pateiktum\u0117te tam tikr\u0105 finansin\u0119 informacij\u0105, kad palengvintume mok\u0117jim\u0173 apdorojim\u0105. Mes renkame j\u016bs\u0173 kredito arba debeto kortel\u0117s numer\u012f, kredito ar debeto kortel\u0117s tip\u0105, kredito ar debeto kortel\u0117s galiojimo dat\u0105, atsiskaitymo adres\u0105, mokes\u010di\u0173 numer\u012f, vard\u0105 ir pavard\u0119.<\/p>\n\n\n\n<p>\u2022 Prisijungimo informacija. Mes renkame prisijungimo informacij\u0105, jei prisijungiate prie m\u016bs\u0173 paskyros naudodami autentifikavimo duomenis.<\/p>\n\n\n\n<p>2. INFORMACIJA, MES RENKAME AUTOMATI\u0160KAI<\/p>\n\n\n\n<p>Kai naudojat\u0117s m\u016bs\u0173 svetaine arba susisiekiate su mumis tiesiogiai, galime rinkti informacij\u0105, \u012fskaitant j\u016bs\u0173 asmenin\u0119 informacij\u0105, apie tai, kaip veikiate m\u016bs\u0173 svetain\u0117je, kokias paslaugas naudojate ir kaip jomis naudojat\u0117s.<\/p>\n\n\n\n<p>\u0160i informacija yra b\u016btina siekiant tinkamai vykdyti sutart\u012f tarp J\u016bs\u0173 ir m\u016bs\u0173, kad gal\u0117tume vykdyti teisinius \u012fsipareigojimus ir atsi\u017evelgiant \u012f m\u016bs\u0173 teis\u0117t\u0105 interes\u0105 teikti ir tobulinti Svetain\u0117s funkcijas.<\/p>\n\n\n\n<p>\u2022 \u017durnalo duomenys ir \u012erenginio informacija. Mes automati\u0161kai renkame \u017eurnalo duomenis ir \u012frenginio informacij\u0105, kai prisijungiate prie Svetain\u0117s ir ja naudojat\u0117s, net jei nesate suk\u016br\u0119 Paskyros arba neprisijung\u0119. \u0160i informacija, be kita ko, apima: interneto protokolo (IP) adresus, nar\u0161ykl\u0117s tip\u0105, interneto paslaug\u0173 teik\u0117j\u0105 ( IPT), nukreipimo \/ i\u0161\u0117jimo puslapiai, operacin\u0117 sistema, datos \/ laiko \u017eyma, paspaudim\u0173 srauto duomenys.<\/p>\n\n\n\n<p>\u2022 Sekimo technologijos ir slapukai. Naudojame slapukus, \u0161vyturius, \u017eymas, CI kodus (paspaudim\u0173 sekimas), ISC (\u0161altinio steb\u0117jimas), ITC (prek\u0117s steb\u0117jimo kodus), telefono model\u012f, \u012frenginio ID, kliento numer\u012f. Taip pat automati\u0161kai renkame informacij\u0105 apie \u012frenginio operacin\u0119 sistem\u0105, .<\/p>\n\n\n\n<p>\u2022 Geografin\u0117s vietos duomenys. Mes renkame informacij\u0105 apie j\u016bs\u0173 apytiksl\u0119 viet\u0105, kuri\u0105 nustato tokie duomenys kaip IP adresas, kad gal\u0117tume pasi\u016blyti geresn\u0119 naudotojo patirt\u012f. Tokie duomenys gali b\u016bti renkami tik tada, kai \u012feinate \u012f svetain\u0119 naudodami savo \u012frengin\u012f.<\/p>\n\n\n\n<p>\u2022 Naudojimo informacija. Naudojame \u012frank\u012f, vadinam\u0105 \u201eGoogle Analytics\u201c, kad rinktume informacij\u0105 apie j\u016bs\u0173 s\u0105veik\u0105 su Svetaine (kokiuose puslapiuose lankot\u0117s, pvz., puslapius ar turin\u012f, kuriuos \u017ei\u016brite, s\u0105ra\u0161\u0173 paie\u0161kas, atliktus u\u017esakymus ir kitus veiksmus svetain\u0117je). Tod\u0117l \u201eGoogle, Inc.\u201c \u012fkelia nuolatin\u012f slapuk\u0105 \u012f j\u016bs\u0173 \u017einiatinklio nar\u0161ykl\u0119, kad kit\u0105 kart\u0105 apsilankius \u0161ioje svetain\u0117je jus b\u016bt\u0173 galima identifikuoti kaip unikal\u0173 vartotoj\u0105). Nor\u0117dami gauti daugiau informacijos, apsilankykite Google.<\/p>\n\n\n\n<p>\u2022 Vie\u0161ai prieinama asmenin\u0117 informacija.<\/p>\n\n\n\n<p>3. KAIP NAUDOJAM J\u016aS\u0172 INFORMACIJ\u0104<\/p>\n\n\n\n<p>J\u016bs\u0173 informacij\u0105 tvarkome laikydamiesi bendr\u0173j\u0173 duomen\u0173 tvarkymo princip\u0173.<\/p>\n\n\n\n<p>Informacij\u0105, kuri\u0105 renkame per m\u016bs\u0173 svetain\u0119, galime naudoti d\u0117l keli\u0173 prie\u017eas\u010di\u0173, \u012fskaitant:<\/p>\n\n\n\n<p>\u2022 identifikuoti vartotoj\u0105<\/p>\n\n\n\n<p>\u2022 sukurti paskyr\u0105<\/p>\n\n\n\n<p>\u2022 sukurti patikim\u0105 aplink\u0105<\/p>\n\n\n\n<p>\u2022 rengti statistik\u0105 ir analizuoti rink\u0105<\/p>\n\n\n\n<p>\u2022 palaikyti ry\u0161\u012f<\/p>\n\n\n\n<p>\u2022 tinkinti rinkodar\u0105<\/p>\n\n\n\n<p>\u2022 si\u0173sti atsiskaitymo informacij\u0105<\/p>\n\n\n\n<p>\u2022 valdyti vartotoj\u0173 u\u017esakymus<\/p>\n\n\n\n<p>\u2022 susisiekti su vartotoju<\/p>\n\n\n\n<p>\u2022 gerinti paslaugas<\/p>\n\n\n\n<p>\u2022 u\u017etikrinti duomen\u0173 saugum\u0105 ir u\u017ekirsti keli\u0105 suk\u010diavimui<\/p>\n\n\n\n<p>\u2022 laikytis galiojan\u010di\u0173 \u012fstatym\u0173<\/p>\n\n\n\n<p>\u2022 pra\u0161yti atsiliepimo<\/p>\n\n\n\n<p>\u2022 skelbti atsiliepimus<\/p>\n\n\n\n<p>\u2022 teikti param\u0105<\/p>\n\n\n\n<p>Paprastai i\u0161 j\u016bs\u0173 renkame asmenin\u0119 informacij\u0105 tik tada, kai turime j\u016bs\u0173 sutikim\u0105, kai mums reikia asmenin\u0117s informacijos sutarties su jumis sudarymui arba kai tvarkymas atitinka m\u016bs\u0173 teis\u0117tus verslo interesus.<\/p>\n\n\n\n<p>4. TIESIOGIN\u0116 RINKODARA<\/p>\n\n\n\n<p>Mes galime naudoti j\u016bs\u0173 pateiktus kontaktinius duomenis tiesioginei rinkodarai. \u0160ie tiesiogin\u0117s rinkodaros pasi\u016blymai, atsi\u017evelgiant \u012f j\u016bs\u0173 pageidavimus, gali b\u016bti suasmeninti, atsi\u017evelgiant \u012f bet koki\u0105 kit\u0105 informacij\u0105, kuri\u0105 mums pateik\u0117te (pvz., viet\u0105, socialini\u0173 tinkl\u0173 profilio informacij\u0105 ir pan.), arba mes surinkome ar sugeneravome i\u0161 kit\u0173 \u0161altini\u0173, kaip apra\u0161yta toliau.<\/p>\n\n\n\n<p>Jei norite at\u0161aukti sutikim\u0105 tiesioginei rinkodarai ir atsisakyti gauti i\u0161 m\u016bs\u0173 informacij\u0105, galite bet kada pasinaudoti \u0161ia galimybe, atnaujindami savo paskyros nuostatas, vadovaudamiesi gautame el. lai\u0161ke pateiktomis prenumeratos atsisakymo instrukcijomis, i\u0161si\u0173sdami el. adresu info@dtf.lt, paspaud\u0119 tam skirt\u0105 nuorod\u0105 m\u016bs\u0173 el. pa\u0161to su naujienlai\u0161kiais apa\u010dioje.<\/p>\n\n\n\n<p>5. Slapukai<\/p>\n\n\n\n<p>Slapukai yra nedideli tekstiniai failai, kuriuos j\u016bs\u0173 nar\u0161ykl\u0117 i\u0161saugo j\u016bs\u0173 kompiuteryje, kai lankot\u0117s m\u016bs\u0173 svetain\u0117je. Naudojame slapukus, kad pagerintume savo svetain\u0119 ir palengvintume naudojim\u0105. Slapukai leid\u017eia mums atpa\u017einti vartotojus ir i\u0161vengti pasikartojan\u010di\u0173 tos pa\u010dios informacijos u\u017eklaus\u0173.<\/p>\n\n\n\n<p>Nor\u0117dami gauti daugiau informacijos apie m\u016bs\u0173 naudojamus slapukus, per\u017ei\u016br\u0117kite m\u016bs\u0173 slapuk\u0173 politik\u0105.<\/p>\n\n\n\n<p>Daugiau informacijos apie tai, kaip i\u0161trinti slapukus, taip pat kitos naudingos informacijos, susijusios su slapuk\u0173 naudojimu, galite rasti svetain\u0117je http:\/\/www.allaboutcookies.org\/.<\/p>\n\n\n\n<p>6. INFORMACIJA I\u0160 NEPILNOMEN\u010cI\u0172<\/p>\n\n\n\n<p>\u0160i svetain\u0117 ir m\u016bs\u0173 Paslaugos n\u0117ra skirtos jaunesniems nei 18 met\u0173 asmenims ir n\u0117ra jiems skirtos. Mes s\u0105moningai nerenkame informacijos ir nepra\u0161ome i\u0161 nepilname\u010di\u0173. S\u0105moningai neleid\u017eiame nepilname\u010diams naudotis m\u016bs\u0173 svetaine ar paslaugomis.<\/p>\n\n\n\n<p>I\u0161trinsime bet koki\u0105 informacij\u0105, kuri buvo surinkta i\u0161 nepilname\u010dio. Susisiekite su mumis toliau nurodytais kontaktiniais duomenimis, jei manote, kad galime tur\u0117ti informacijos apie nepilnamet\u012f.<\/p>\n\n\n\n<p>7. JUTINGA INFORMACIJA<\/p>\n\n\n\n<p>Mes nerenkame jautrios informacijos, tokios kaip politin\u0117s pa\u017ei\u016bros, religiniai ar filosofiniai \u012fsitikinimai, rasin\u0117 ar etnin\u0117 kilm\u0117, genetiniai duomenys, biometriniai duomenys, sveikatos duomenys ar su seksualine orientacija susij\u0119 duomenys.<\/p>\n\n\n\n<p>Nesi\u0173skite, ne\u012fkelkite ir nepateikite mums joki\u0173 neskelbtin\u0173 duomen\u0173 ir susisiekite su mumis toliau nurodytais kontaktiniais duomenimis, jei manote, kad galime tur\u0117ti toki\u0105 informacij\u0105. Turime teis\u0119 i\u0161trinti bet koki\u0105 informacij\u0105, kuri, m\u016bs\u0173 nuomone, gali tur\u0117ti neskelbtin\u0173 duomen\u0173.<\/p>\n\n\n\n<p>8. MOK\u0116JIMO INFORMACIJA<\/p>\n\n\n\n<p>Nor\u0117dami u\u017esisakyti ir naudotis m\u016bs\u0173 paslaugomis, galime reikalauti, kad pateiktum\u0117te tam tikr\u0105 finansin\u0119 informacij\u0105, kad palengvintume mok\u0117jim\u0173 apdorojim\u0105. Mes nesaugosime ir nerinksime j\u016bs\u0173 mok\u0117jimo kortel\u0117s duomen\u0173. \u0160i informacija teikiama tiesiogiai m\u016bs\u0173 tre\u010di\u0173j\u0173 \u0161ali\u0173 mok\u0117jim\u0173 tvarkytojams, kuri\u0173 asmens duomen\u0173 naudojim\u0105 reglamentuoja j\u0173 privatumo politika. Visus mok\u0117jimo duomenis saugo . J\u0173 privatumo politikos nuorod\u0105 (-as) galite rasti \u010dia: .<\/p>\n\n\n\n<p>9. LAIKYMAS<\/p>\n\n\n\n<p>Mes i\u0161saugome j\u016bs\u0173 asmenin\u0119 informacij\u0105, kad gal\u0117tume teikti jums paslaugas ir kitais atvejais, kad b\u016bt\u0173 laikomasi savo teisini\u0173 \u012fsipareigojim\u0173, spr\u0119sti gin\u010dus ir vykdyti m\u016bs\u0173 sutartis.<\/p>\n\n\n\n<p>Mes saugosime j\u016bs\u0173 asmenin\u0119 informacij\u0105 ne ilgiau, nei j\u016bs saugote savo paskyr\u0105, nebent \u012fstatymai ar teis\u0117s aktai \u012fpareigoja j\u016bs\u0173 asmenin\u0119 informacij\u0105 saugoti ilgiau.<\/p>\n\n\n\n<p>Jei norite, kad mes nenaudot\u0173 j\u016bs\u0173 asmenin\u0117s informacijos, turite papra\u0161yti, kad i\u0161trintume j\u016bs\u0173 asmenin\u0119 informacij\u0105 ir u\u017edarytume j\u016bs\u0173 paskyr\u0105. Atkreipkite d\u0117mes\u012f, kad net i\u0161tryn\u0119 paskyr\u0105 galime saugoti dal\u012f j\u016bs\u0173 informacijos mokes\u010di\u0173, teisini\u0173 ataskait\u0173 teikimo ir audito \u012fsipareigojimams vykdyti.<\/p>\n\n\n\n<p>10. SAUGUMAS<\/p>\n\n\n\n<p>\u012edieg\u0117me saugumo priemones, skirtas apsaugoti asmenin\u0119 informacij\u0105, kuri\u0105 dalijat\u0117s su mumis, \u012fskaitant fizines, elektronines ir proced\u016brines priemones. Be kita ko, mes reguliariai stebime savo sistemas d\u0117l galim\u0173 pa\u017eeid\u017eiamum\u0173 ir atak\u0173.<\/p>\n\n\n\n<p>Nepriklausomai nuo m\u016bs\u0173 priemoni\u0173 ir pastang\u0173, informacijos perdavimas internetu, el. pa\u0161tu ar \u017einut\u0117mis n\u0117ra visi\u0161kai saugus. Negarantuojame absoliu\u010dios j\u016bs\u0173 asmenin\u0117s informacijos arba bet kokio kito Vartotojo turinio, kur\u012f \u012fkeliate, skelbiate ar kitaip bendrinate su mumis ar kitu asmeniu, apsaugos ir saugumo.<\/p>\n\n\n\n<p>Tod\u0117l raginame neteikti mums ar kam nors neskelbtinos informacijos, kurios, j\u016bs\u0173 manymu, atskleidimas gali sukelti didel\u0117s ar nepataisomos \u017ealos.<\/p>\n\n\n\n<p>Jei turite klausim\u0173 d\u0117l m\u016bs\u0173 svetain\u0117s ar paslaug\u0173 saugumo, kvie\u010diame susisiekti su mumis adresu amandas.juska@gmail.com.<\/p>\n\n\n\n<p>11. J\u016aS\u0172 TEIS\u0116S<\/p>\n\n\n\n<p>Turite teis\u0119 \u012f daugyb\u0119 teisi\u0173, susijusi\u0173 su j\u016bs\u0173 asmenin\u0117s informacijos apsauga. Tos teis\u0117s yra:<\/p>\n\n\n\n<p>\u2022 Teis\u0119 susipa\u017einti su informacija, kuri\u0105 turime apie jus. Jei norite pasiekti savo asmenin\u0119 informacij\u0105, kuri\u0105 renkame, galite tai padaryti bet kuriuo metu susisiek\u0119 su mumis toliau nurodytais kontaktiniais duomenimis.<\/p>\n\n\n\n<p>\u2022 Teis\u0117 i\u0161taisyti netiksli\u0105 informacij\u0105 apie jus. Galite pataisyti, atnaujinti arba pra\u0161yti i\u0161trinti savo asmenin\u0119 informacij\u0105 susisiek\u0119 su mumis \u017eemiau nurodytais kontaktiniais duomenimis.<\/p>\n\n\n\n<p>\u2022 Teis\u0117 nesutikti su duomen\u0173 tvarkymu. Kai pasitikime j\u016bs\u0173 sutikimu tvarkyti j\u016bs\u0173 asmenin\u0119 informacij\u0105, galite bet kada at\u0161aukti sutikim\u0105 susisiek\u0119 su mumis toliau nurodytais kontaktiniais duomenimis. Tai netur\u0117s \u012ftakos duomen\u0173 tvarkymo teis\u0117tumui prie\u0161 at\u0161aukiant sutikim\u0105.<\/p>\n\n\n\n<p>\u2022 Teis\u0117 pateikti skund\u0105. Jei j\u016bs\u0173 teis\u0117s gal\u0117jo b\u016bti pa\u017eeistos, savo gyvenamosios \u0161alies nacionalinei duomen\u0173 apsaugos agent\u016brai galite pateikti klausimus ar skundus. Ta\u010diau rekomenduojame pabandyti taikiai i\u0161spr\u0119sti galim\u0105 gin\u010d\u0105 pirmiausia susisiekus su mumis.<\/p>\n\n\n\n<p>\u2022 Teis\u0119 i\u0161trinti bet kokius su jumis susijusius duomenis. J\u016bs galite reikalauti nedelsiant i\u0161trinti duomenis d\u0117l teis\u0117t\u0173 prie\u017eas\u010di\u0173, pvz., kai duomenys nebereikalingi tiems tikslams, kurie buvo surinkti, arba kai duomenys buvo tvarkomi neteis\u0117tai.<\/p>\n\n\n\n<p>12. POLITIKOS TAIKYMAS<\/p>\n\n\n\n<p>\u0160i Politika buvo sukurta naudojant TermsHub.io ir Privatumo politikos generatori\u0173 ir taikoma tik m\u016bs\u0173 \u012emon\u0117s si\u016blomoms paslaugoms. M\u016bs\u0173 politika netaikoma paslaugoms, kurias si\u016blo kitos \u012fmon\u0117s ar asmenys, \u012fskaitant produktus ar svetaines, kurios gali b\u016bti rodomos jums paie\u0161kos rezultatuose, svetaines, kuriose gali b\u016bti m\u016bs\u0173 paslaugos, arba kitoms svetain\u0117ms, \u012f kurias pateikiamos nuorodos i\u0161 m\u016bs\u0173 svetain\u0117s ar paslaug\u0173.<\/p>\n\n\n\n<p>13. PAKEITIMAI<\/p>\n\n\n\n<p>M\u016bs\u0173 politika kartais gali keistis. Mes paskelbsime bet kokius politikos pakeitimus savo svetain\u0117je ir, jei pakeitimai bus reik\u0161mingi, galime apsvarstyti galimyb\u0119 pateikti ai\u0161kesn\u012f prane\u0161im\u0105 (\u012fskaitant tam tikr\u0173 paslaug\u0173 prane\u0161im\u0105 el. pa\u0161tu apie politikos pakeitimus).<\/p>\n\n\n\n<p>14. SUSITIKIMAS SU \u0160IA POLITIKA<\/p>\n\n\n\n<p>Manome, kad visi \u0161ios svetain\u0117s vartotojai atid\u017eiai perskait\u0117 \u0161\u012f dokument\u0105 ir sutinka su jo turiniu. Jei kas nors nesutinka su \u0161ia Politika, jis tur\u0117t\u0173 susilaikyti nuo m\u016bs\u0173 svetain\u0117s naudojimo. Mes pasiliekame teis\u0119 bet kuriuo metu keisti savo politik\u0105 ir informuoti 13 skirsnyje nurodytu b\u016bdu. Tolesnis naudojimasis \u0161ia svetaine rei\u0161kia, kad sutinkame su per\u017ei\u016br\u0117ta politika.<\/p>\n\n\n\n<p>15. KITA INFORMACIJA<\/p>\n\n\n\n<p>Jei turite daugiau klausim\u0173 d\u0117l m\u016bs\u0173 renkam\u0173 duomen\u0173 arba kaip juos naudojame, nedvejodami susisiekite su mumis auk\u0161\u010diau nurodyta informacija.<\/p>\n\n\n\n<p>M\u016bs\u0173 svetain\u0117s naudoja slapukus:<\/p>\n\n\n\n<p>Slapuko pavadinimas \u2013 slapuko apra\u0161ymas<\/p>\n\n\n\n<p>KREP\u0160ELIS Pirkini\u0173 krep\u0161elio susiejimas<\/p>\n\n\n\n<p>CATEGORY_INFO I\u0161saugo puslapio kategorijos informacij\u0105, tod\u0117l puslapiai gali b\u016bti rodomi grei\u010diau.<\/p>\n\n\n\n<p>PALYGINTI J\u016bs\u0173 turimas prekes i\u0161 produkt\u0173 palyginimo s\u0105ra\u0161o.<\/p>\n\n\n\n<p>VALIUTA J\u016bs\u0173 pageidaujama valiuta.<\/p>\n\n\n\n<p>KLIENTAS U\u017e\u0161ifravo j\u016bs\u0173 parduotuv\u0117s ID kaip klient\u0105.<\/p>\n\n\n\n<p>CUSTOMER_AUTH Rodiklis, jei esate prisijung\u0119 prie el. parduotuv\u0117s.<\/p>\n\n\n\n<p>CUSTOMER_INFO U\u017e\u0161ifruota klient\u0173 grup\u0117s, kuriai priklausote, versija.<\/p>\n\n\n\n<p>CUSTOMER_SEGMENT_IDS I\u0161saugo kliento segmento ID.<\/p>\n\n\n\n<p>EXTERNAL_NO_CACHE V\u0117liava, nurodanti, ar talpyklos kaupimas i\u0161jungtas, ar ne.<\/p>\n\n\n\n<p>FRONTEND Kliento seanso ID serveryje.<\/p>\n\n\n\n<p>SVE\u010cI\u0172 VAIZDAS Leid\u017eia sve\u010diams u\u017esisakyti produkt\u0173.<\/p>\n\n\n\n<p>LAST_CATEGORY Leid\u017eia sve\u010diams koreguoti u\u017esakymus.<\/p>\n\n\n\n<p>LAST_PRODUCT Paskutinis j\u016bs\u0173 per\u017ei\u016br\u0117tas produktas.<\/p>\n\n\n\n<p>NAUJAS PRANE\u0160IMAS Nurodo, ar buvo gautas naujas prane\u0161imas.<\/p>\n\n\n\n<p>NO_CACHE Nurodo, ar istorija leid\u017eiama.<\/p>\n\n\n\n<p>PERSISTENT_SHOPPING_CART Nuoroda \u012f informacij\u0105 apie j\u016bs\u0173 krep\u0161el\u012f ir per\u017ei\u016br\u0173 istorij\u0105, jei papra\u0161\u0117te svetain\u0117s.<\/p>\n\n\n\n<p>APKALVA Apklausos, kuriose dalyvavote ID.<\/p>\n\n\n\n<p>POLN Vis\u0173 apklaus\u0173, kuriose dalyvavote, ID.<\/p>\n\n\n\n<p>RECENTLYCOMPARED Prek\u0117, kuri\u0105 paskutin\u012f kart\u0105 lyginote.<\/p>\n\n\n\n<p>STF Informacija apie element\u0105, kur\u012f bendrinote su draugais el. pa\u0161tu.<\/p>\n\n\n\n<p>PARDUOTUV\u0116 Parduotuv\u0117s vaizdas arba pasirinkta kalba.<\/p>\n\n\n\n<p>USER_ALLOWED_SAVE_COOKIE Nurodo, ar klientas leido naudoti slapukus.<\/p>\n\n\n\n<p>VIEWED_PRODUCT_IDS Produktai, kuriuos per\u017ei\u016br\u0117jote.<\/p>\n\n\n\n<p>PASLAUG\u0172 S\u0104RA\u0160AS U\u017ekoduotas produkt\u0173 s\u0105ra\u0161as \u012ftrauktas \u012f j\u016bs\u0173 pageidavim\u0173 s\u0105ra\u0161\u0105.<\/p>\n\n\n\n<p>WISHLIST_CNT Element\u0173 skai\u010dius j\u016bs\u0173 pageidavim\u0173 s\u0105ra\u0161e.<\/p>","protected":false},"excerpt":{"rendered":"<p>The terms &#8220;You,&#8221; &#8220;Your,&#8221; &#8220;Yours&#8221; and &#8220;User&#8221; refer to the entity\/person\/organization using our Site. When this Policy mentions &#8220;We&#8221;, &#8220;Us,&#8221; and &#8220;Our&#8221; it refers to MB &#8220;Am spauda&#8221; and its subsidiaries and affiliates. This Privacy Policy is governed by our Terms of Services. For any questions regarding this Policy or any requests regarding the processing [&hellip;]<\/p>\n","protected":false},"author":1,"featured_media":0,"parent":0,"menu_order":0,"comment_status":"closed","ping_status":"open","template":"","meta":{"om_disable_all_campaigns":false,"inline_featured_image":false,"footnotes":""},"class_list":["post-3","page","type-page","status-publish","hentry"],"jetpack_sharing_enabled":true,"_links":{"self":[{"href":"https:\/\/dtf.lt\/lt\/wp-json\/wp\/v2\/pages\/3","targetHints":{"allow":["GET"]}}],"collection":[{"href":"https:\/\/dtf.lt\/lt\/wp-json\/wp\/v2\/pages"}],"about":[{"href":"https:\/\/dtf.lt\/lt\/wp-json\/wp\/v2\/types\/page"}],"author":[{"embeddable":true,"href":"https:\/\/dtf.lt\/lt\/wp-json\/wp\/v2\/users\/1"}],"replies":[{"embeddable":true,"href":"https:\/\/dtf.lt\/lt\/wp-json\/wp\/v2\/comments?post=3"}],"version-history":[{"count":1,"href":"https:\/\/dtf.lt\/lt\/wp-json\/wp\/v2\/pages\/3\/revisions"}],"predecessor-version":[{"id":234,"href":"https:\/\/dtf.lt\/lt\/wp-json\/wp\/v2\/pages\/3\/revisions\/234"}],"wp:attachment":[{"href":"https:\/\/dtf.lt\/lt\/wp-json\/wp\/v2\/media?parent=3"}],"curies":[{"name":"wp","href":"https:\/\/api.w.org\/{rel}","templated":true}]}}