{"id":36,"date":"2024-04-08T23:53:22","date_gmt":"2024-04-08T22:53:22","guid":{"rendered":"https:\/\/dtf.lt\/?page_id=36"},"modified":"2024-10-30T18:40:55","modified_gmt":"2024-10-30T16:40:55","slug":"quality-and-sustainability","status":"publish","type":"page","link":"https:\/\/dtf.lt\/lt\/quality-and-sustainability\/","title":{"rendered":"Kokyb\u0117"},"content":{"rendered":"<div class=\"wp-block-group alignfull has-background has-global-padding is-content-justification-center is-layout-constrained wp-container-core-group-is-layout-ae0d51fb wp-block-group-is-layout-constrained\" style=\"background:linear-gradient(180deg,rgba(222,222,222,0.47) 8%,rgb(249,249,249) 100%);min-height:0px;margin-top:0;margin-bottom:0;padding-top:var(--wp--preset--spacing--40);padding-right:var(--wp--preset--spacing--50);padding-bottom:var(--wp--preset--spacing--40);padding-left:var(--wp--preset--spacing--50)\">\n<div class=\"wp-block-group alignwide has-global-padding is-layout-constrained wp-block-group-is-layout-constrained\">\n<div class=\"wp-block-columns alignwide is-layout-flex wp-container-core-columns-is-layout-1da03c2a wp-block-columns-is-layout-flex\">\n<div class=\"wp-block-column is-vertically-aligned-center is-layout-flow wp-block-column-is-layout-flow\" style=\"flex-basis:50%\">\n<div class=\"wp-block-group is-vertical is-content-justification-stretch is-layout-flex wp-container-core-group-is-layout-444d5ee8 wp-block-group-is-layout-flex\" style=\"min-height:100%\">\n<p class=\"has-large-font-size\">Auk\u0161tos kokyb\u0117s lengvai nulupama pl\u0117vel\u0117<\/p>\n\n\n\n<div class=\"wp-block-group has-global-padding is-content-justification-left is-layout-constrained wp-container-core-group-is-layout-d5209ea4 wp-block-group-is-layout-constrained\">\n<p>I\u0161band\u0117me daugyb\u0119 gamini\u0173 ir pasirinkome patikimiausi\u0105 perne\u0161imo pl\u0117vel\u0117s ir pudros derin\u012f.<br><br>M\u016bs\u0173 \u0161alto lupimo pl\u0117vel\u0119 labai lengva naudoti net nepatyrusiems gamintojams. <br><br>Atlikite spaud\u0105 per ma\u017eiau nei minut\u0119!<\/p>\n\n\n\n<p><\/p>\n<\/div>\n<\/div>\n<\/div>\n\n\n\n<div class=\"wp-block-column is-vertically-aligned-center is-layout-flow wp-block-column-is-layout-flow\"><\/div>\n\n\n\n<div class=\"wp-block-column is-vertically-aligned-center is-layout-flow wp-block-column-is-layout-flow\"><\/div>\n\n\n\n<div class=\"wp-block-column is-vertically-aligned-top has-global-padding is-content-justification-right is-layout-constrained wp-container-core-column-is-layout-f1f2ed93 wp-block-column-is-layout-constrained\" style=\"flex-basis:50%\">\n<p class=\"has-text-align-right has-large-font-size\">Tikslios spalvos<\/p>\n\n\n\n<p class=\"has-text-align-right wp-container-content-0733e5d0\">Naudojame naujausi\u0105 programin\u0119 \u012frang\u0105 ir spalv\u0173 re\u017eimus, kad gautume tikslias spalvas.<br><br>Sunkesniais atvejais atliekame kelis testus ir koreguojame spalvas, kad \u012fsitikintume, jog atspausdinti dizainai atitinka \u012fkeltus failus. <\/p>\n<\/div>\n<\/div>\n\n\n\n<div class=\"wp-block-columns alignwide is-layout-flex wp-container-core-columns-is-layout-1da03c2a wp-block-columns-is-layout-flex\">\n<div class=\"wp-block-column is-vertically-aligned-center is-layout-flow wp-block-column-is-layout-flow\" style=\"flex-basis:50%\">\n<div class=\"wp-block-group is-vertical is-content-justification-stretch is-layout-flex wp-container-core-group-is-layout-444d5ee8 wp-block-group-is-layout-flex\" style=\"min-height:100%\">\n<p class=\"has-large-font-size\">Patvari spauda<\/p>\n\n\n\n<div class=\"wp-block-group has-global-padding is-content-justification-left is-layout-constrained wp-container-core-group-is-layout-d5209ea4 wp-block-group-is-layout-constrained\">\n<p>M\u016bs\u0173 auk\u0161\u010diausios kokyb\u0117s ra\u0161alas u\u017etikrina, kad spauda b\u016bt\u0173 elastinga ir patvari <br><br>Spauda pasi\u017eymi dideliu elastingumu bei atsparumu skalbimams.<\/p>\n<\/div>\n<\/div>\n<\/div>\n\n\n\n<div class=\"wp-block-column is-vertically-aligned-center is-layout-flow wp-block-column-is-layout-flow\"><\/div>\n\n\n\n<div class=\"wp-block-column is-vertically-aligned-center is-layout-flow wp-block-column-is-layout-flow\"><\/div>\n\n\n\n<div class=\"wp-block-column is-vertically-aligned-top has-global-padding is-content-justification-right is-layout-constrained wp-container-core-column-is-layout-f1f2ed93 wp-block-column-is-layout-constrained\" style=\"flex-basis:50%\">\n<p class=\"has-text-align-right has-large-font-size\">Intensyvi balta spalva<\/p>\n\n\n\n<p class=\"has-text-align-right wp-container-content-0733e5d0\">Naudojame tik auk\u0161\u010diausios kokyb\u0117s da\u017eus ir pramonin\u0119 DTF gamybos \u012frang\u0105, kad gautume ry\u0161ki\u0105 balt\u0105 spalv\u0105 bei tikslias spalvas.<br><br>Spauda netr\u016bkin\u0117ja bei neblunka. <\/p>\n<\/div>\n<\/div>\n<\/div>\n<\/div>\n\n\n\n<div class=\"wp-block-group alignfull has-base-2-background-color has-background has-global-padding is-layout-constrained wp-container-core-group-is-layout-669513ed wp-block-group-is-layout-constrained\" style=\"margin-top:0;margin-bottom:0;padding-top:var(--wp--preset--spacing--50);padding-right:var(--wp--preset--spacing--50);padding-bottom:var(--wp--preset--spacing--50);padding-left:var(--wp--preset--spacing--50)\">\n<div class=\"wp-block-group is-vertical is-content-justification-center is-layout-flex wp-container-core-group-is-layout-ce155fab wp-block-group-is-layout-flex\">\n<h2 class=\"wp-block-heading has-text-align-center has-xx-large-font-size\">Patikima Lietuvi\u0161ka spaustuv\u0117 i\u0161 Vilniaus<\/h2>\n\n\n\n<p class=\"has-text-align-center\">DTF.LT \u2013 Lietuvoje veikiame kaip:<br> <a href=\"http:\/\/www.amspauda.lt\" data-type=\"link\" data-id=\"www.amspauda.lt\">Amspauda<\/a>, <a href=\"http:\/\/www.strainus.lt\" data-type=\"link\" data-id=\"www.strainus.lt\">Strainus<\/a>, <a href=\"http:\/\/www.schoolproud.com\">I\u0161didus mokykla<\/a>, <a href=\"http:\/\/www.akieron.com\">Akieronas<\/a><\/p>\n\n\n\n<p class=\"has-text-align-center\">Drabu\u017ei\u0173 spausdinimo versle dirbame nuo 2018 m <\/p>\n\n\n\n<p class=\"has-text-align-center\">Patirtis dirbant su visomis drabu\u017ei\u0173 dekoravimo technologijomis.<br><\/p>\n\n\n\n<figure class=\"wp-block-image size-large is-resized\"><img loading=\"lazy\" decoding=\"async\" width=\"1024\" height=\"55\" src=\"https:\/\/dtf.lt\/wp-content\/uploads\/2024\/10\/image-1-1024x55.png\" alt=\"\" class=\"wp-image-1559\" style=\"width:500px\" srcset=\"https:\/\/dtf.lt\/wp-content\/uploads\/2024\/10\/image-1-1024x55.png 1024w, https:\/\/dtf.lt\/wp-content\/uploads\/2024\/10\/image-1-300x16.png 300w, https:\/\/dtf.lt\/wp-content\/uploads\/2024\/10\/image-1-768x42.png 768w, https:\/\/dtf.lt\/wp-content\/uploads\/2024\/10\/image-1-1536x83.png 1536w, https:\/\/dtf.lt\/wp-content\/uploads\/2024\/10\/image-1-1320x71.png 1320w, https:\/\/dtf.lt\/wp-content\/uploads\/2024\/10\/image-1-600x32.png 600w, https:\/\/dtf.lt\/wp-content\/uploads\/2024\/10\/image-1.png 1607w\" sizes=\"auto, (max-width: 1024px) 100vw, 1024px\" \/><\/figure>\n\n\n\n<div class=\"wp-block-columns alignwide is-layout-flex wp-container-core-columns-is-layout-4935966c wp-block-columns-is-layout-flex\" style=\"padding-right:0;padding-left:0\">\n<div class=\"wp-block-column is-layout-flow wp-block-column-is-layout-flow\"><\/div>\n<\/div>\n<\/div>\n<\/div>\n\n\n\n<p><\/p>\n\n\n\n<h2 class=\"wp-block-heading has-text-align-center\">DTF prie\u0161 kitas technologijas<\/h2>\n\n\n\n<div style=\"height:40px\" aria-hidden=\"true\" class=\"wp-block-spacer\"><\/div>\n\n\n\n<div class=\"wp-block-group alignwide is-layout-flow wp-container-core-group-is-layout-74af9b58 wp-block-group-is-layout-flow\" style=\"padding-right:0;padding-left:0\">\n<div class=\"wp-block-columns alignwide is-layout-flow wp-block-columns-is-layout-flow\">\n<div class=\"wp-block-column is-vertically-aligned-center is-layout-flow wp-block-column-is-layout-flow\" style=\"flex-basis:50%\">\n<div class=\"wp-block-group is-vertical is-content-justification-stretch is-layout-flex wp-container-core-group-is-layout-444d5ee8 wp-block-group-is-layout-flex\" style=\"min-height:100%\">\n<p class=\"has-large-font-size\">Lyginant su DTG (Direct to garment)<\/p>\n\n\n\n<div class=\"wp-block-group has-global-padding is-content-justification-left is-layout-constrained wp-container-core-group-is-layout-d5209ea4 wp-block-group-is-layout-constrained\">\n<p>DTF i\u0161sivyst\u0117 kaip DTG technologijos patobulinimas.<\/p>\n\n\n\n<p><strong>DTG tr\u016bkumai:<\/strong><br>\u2022 Netolygus balt\u0173 da\u017e\u0173 ry\u0161kumas <br>(d\u0117l sud\u0117tingo gruntavimo proceso)<br>\u2022 Gruntavimo \u017eym\u0117s ant drabu\u017eio pavir\u0161iaus<br>\u2022 Netolygi spauda (prakritimai, i\u0161kil\u0119 p\u016bkeliai)<br>\u2022 Sunku arba ne\u012fmanoma pritaikyti atlikti ant tam tikr\u0173 med\u017eiag\u0173<br>\u2022 Blogesnis patvarumas ir elastingumas nei DTF<br><\/p>\n<\/div>\n<\/div>\n<\/div>\n\n\n\n<div class=\"wp-block-column is-vertically-aligned-center is-layout-flow wp-block-column-is-layout-flow\"><\/div>\n\n\n\n<div class=\"wp-block-column is-vertically-aligned-center is-layout-flow wp-block-column-is-layout-flow\"><\/div>\n\n\n\n<div class=\"wp-block-column is-vertically-aligned-top has-global-padding is-content-justification-right is-layout-constrained wp-container-core-column-is-layout-f1f2ed93 wp-block-column-is-layout-constrained\" style=\"flex-basis:50%\">\n<p class=\"has-text-align-right has-large-font-size\">Lyginant su \u0160ilkografija<\/p>\n\n\n\n<p class=\"has-text-align-right wp-container-content-0733e5d0\">\u0160ilkografija yra seniausia egzistuojanti technologija<\/p>\n\n\n\n<p class=\"has-text-align-right wp-container-content-0733e5d0\"><strong>\u0160ilkografijos tr\u016bkumai:<\/strong><br>\u2022 Reikia gaminti dideliais kiekiais d\u0117l daug laiko reikalaujan\u010dio paruo\u0161imo<br>\u2022 Sunku arba brangu pagaminti \u012fvairiaspalvius spaudinius<br>\u2022 Daugiaspalvi\u0173 spaudini\u0173 sluoksniai persidengia <br>\u2022 Gali b\u016bti sunku perkelti ant tam tikr\u0173 pavir\u0161i\u0173<\/p>\n<\/div>\n<\/div>\n\n\n\n<div class=\"wp-block-columns alignwide is-layout-flex wp-container-core-columns-is-layout-1da03c2a wp-block-columns-is-layout-flex\">\n<div class=\"wp-block-column is-vertically-aligned-center is-layout-flow wp-block-column-is-layout-flow\" style=\"flex-basis:50%\">\n<div class=\"wp-block-group is-vertical is-content-justification-stretch is-layout-flex wp-container-core-group-is-layout-444d5ee8 wp-block-group-is-layout-flex\" style=\"min-height:100%\">\n<p class=\"has-large-font-size\">Lyginant su termo spaudos gamyba<\/p>\n\n\n\n<div class=\"wp-block-group has-global-padding is-content-justification-left is-layout-constrained wp-container-core-group-is-layout-d5209ea4 wp-block-group-is-layout-constrained\">\n<p>Termo spauda laikoma ekonominiu spaudos b\u016bdu<br><br><strong>Termo spaudos tr\u016bkumai <\/strong><br>\u2022 Sunku arba ne\u012fmanoma pagaminti smulki\u0173 detali\u0173<br>\u2022 Daug laiko reikalaujantis pasiruo\u0161imas<br>\u2022 Po kiek plovimo pradeda luptis<br>\u2022 Susibanguoja, kai audinys i\u0161skalbiamas<br>(Medviln\u0117 susitraukia, o spauda i\u0161lieka tokios pat formos. Tod\u0117l atrodo, kad spauda susibanguoja)<\/p>\n<\/div>\n<\/div>\n<\/div>\n\n\n\n<div class=\"wp-block-column is-vertically-aligned-center is-layout-flow wp-block-column-is-layout-flow\"><\/div>\n\n\n\n<div class=\"wp-block-column is-vertically-aligned-center is-layout-flow wp-block-column-is-layout-flow\"><\/div>\n\n\n\n<div class=\"wp-block-column is-vertically-aligned-top has-global-padding is-content-justification-right is-layout-constrained wp-container-core-column-is-layout-f1f2ed93 wp-block-column-is-layout-constrained\" style=\"flex-basis:50%\">\n<p class=\"has-text-align-right has-large-font-size\">Direct to film (DTF) spauda<\/p>\n\n\n\n<p class=\"has-text-align-right wp-container-content-0733e5d0\">DTF yra laikoma viena i\u0161 universaliausi\u0173 technologij\u0173<\/p>\n\n\n\n<p class=\"has-text-align-right\"><strong>DTF spausdinimo privalumai<\/strong><br>\u2022 Galimyb\u0117 gaminti ma\u017eais ir dideliais kiekiais<br>\u2022 Galima pagaminti \u012fvairiaspalv\u0119 spaud\u0105 ir i\u0161gauti smulkias detales<br>\u2022 Galima naudoti turint tik termo pres\u0105<br>\u2022 Puikus spaudos elastingumas ir atsparumas skalbimui<br>\u2022 Galima gaminti ant daugumos audini\u0173<br>\u2022 Balta spalva visada intensyvi. Spalvos ry\u0161kios<br>\u2022 Jokio pasiruo\u0161imo<\/p>\n<\/div>\n<\/div>\n<\/div>\n\n\n\n<p><\/p>","protected":false},"excerpt":{"rendered":"<p>High quality easy-peel film We have tested many products and chosen the most reliable transfer film and powder combination. Our cold peel film is very easy to use even to inexperienced producers. Apply a print under one minute. Accurate colors We use the most up to date software and color modes to produce accurate colors. [&hellip;]<\/p>\n","protected":false},"author":1,"featured_media":0,"parent":0,"menu_order":0,"comment_status":"closed","ping_status":"closed","template":"","meta":{"om_disable_all_campaigns":false,"inline_featured_image":false,"footnotes":""},"class_list":["post-36","page","type-page","status-publish","hentry"],"jetpack_sharing_enabled":true,"_links":{"self":[{"href":"https:\/\/dtf.lt\/lt\/wp-json\/wp\/v2\/pages\/36","targetHints":{"allow":["GET"]}}],"collection":[{"href":"https:\/\/dtf.lt\/lt\/wp-json\/wp\/v2\/pages"}],"about":[{"href":"https:\/\/dtf.lt\/lt\/wp-json\/wp\/v2\/types\/page"}],"author":[{"embeddable":true,"href":"https:\/\/dtf.lt\/lt\/wp-json\/wp\/v2\/users\/1"}],"replies":[{"embeddable":true,"href":"https:\/\/dtf.lt\/lt\/wp-json\/wp\/v2\/comments?post=36"}],"version-history":[{"count":44,"href":"https:\/\/dtf.lt\/lt\/wp-json\/wp\/v2\/pages\/36\/revisions"}],"predecessor-version":[{"id":1561,"href":"https:\/\/dtf.lt\/lt\/wp-json\/wp\/v2\/pages\/36\/revisions\/1561"}],"wp:attachment":[{"href":"https:\/\/dtf.lt\/lt\/wp-json\/wp\/v2\/media?parent=36"}],"curies":[{"name":"wp","href":"https:\/\/api.w.org\/{rel}","templated":true}]}}