{"id":1711,"date":"2024-11-13T16:48:45","date_gmt":"2024-11-13T14:48:45","guid":{"rendered":"https:\/\/dtf.lt\/?post_type=product&#038;p=1711"},"modified":"2025-11-27T02:01:09","modified_gmt":"2025-11-27T00:01:09","slug":"dtf-roll","status":"publish","type":"product","link":"https:\/\/dtf.lt\/lt\/produktas\/dtf-roll\/","title":{"rendered":"DTF rulonas 59 cm plo\u010dio"},"content":{"rendered":"<p>DTF (Direct-to-Film) transferai yra novatori\u0161ka spausdinimo technologija, leid\u017eianti perkelti auk\u0161tos kokyb\u0117s pie\u0161inius ant \u012fvairi\u0173 audini\u0173. Procesas apima pie\u0161inio spausdinim\u0105 ant specialios pl\u0117vel\u0117s naudojant DTF spausdintuv\u0105. Spauda padengiama milteliais- klijais, kurie v\u0117liau yra i\u0161lydomi. Kai spaudinys yra paruo\u0161tas, jis termi\u0161kai kietinamas ir perkeliamas ant audinio naudojant termo pres\u0105. DTF transferai pasi\u017eymi ry\u0161kiomis spalvomis, ilgaam\u017ei\u0161kumus ir galimybe prikibti prie \u012fvairi\u0173 med\u017eiag\u0173, \u012fskaitant medviln\u0119, poliester\u012f ir mi\u0161inius.<\/p>","protected":false},"excerpt":{"rendered":"<p>DTF (Direct-to-Film) transfers are an innovative printing technology that allows high-quality designs to be transfered on various fabrics. The process involves printing a design onto a special film using a DTF printer and then applying a layer of hot-melt powder adhesive. Once the print is ready, it is heat-cured and transferred to the fabric using [&hellip;]<\/p>\n","protected":false},"featured_media":1764,"template":"","meta":{"om_disable_all_campaigns":false,"inline_featured_image":false},"product_brand":[],"product_cat":[15],"product_tag":[],"class_list":{"0":"post-1711","1":"product","2":"type-product","3":"status-publish","4":"has-post-thumbnail","6":"product_cat-uncategorized","7":"product_shipping_class-all","9":"first","10":"instock","11":"taxable","12":"shipping-taxable","13":"purchasable","14":"product-type-variable"},"jetpack_sharing_enabled":true,"_links":{"self":[{"href":"https:\/\/dtf.lt\/lt\/wp-json\/wp\/v2\/product\/1711","targetHints":{"allow":["GET"]}}],"collection":[{"href":"https:\/\/dtf.lt\/lt\/wp-json\/wp\/v2\/product"}],"about":[{"href":"https:\/\/dtf.lt\/lt\/wp-json\/wp\/v2\/types\/product"}],"wp:featuredmedia":[{"embeddable":true,"href":"https:\/\/dtf.lt\/lt\/wp-json\/wp\/v2\/media\/1764"}],"wp:attachment":[{"href":"https:\/\/dtf.lt\/lt\/wp-json\/wp\/v2\/media?parent=1711"}],"wp:term":[{"taxonomy":"product_brand","embeddable":true,"href":"https:\/\/dtf.lt\/lt\/wp-json\/wp\/v2\/product_brand?post=1711"},{"taxonomy":"product_cat","embeddable":true,"href":"https:\/\/dtf.lt\/lt\/wp-json\/wp\/v2\/product_cat?post=1711"},{"taxonomy":"product_tag","embeddable":true,"href":"https:\/\/dtf.lt\/lt\/wp-json\/wp\/v2\/product_tag?post=1711"}],"curies":[{"name":"wp","href":"https:\/\/api.w.org\/{rel}","templated":true}]}}